{"id":4231,"date":"2025-02-26T03:58:11","date_gmt":"2025-02-26T03:58:11","guid":{"rendered":"https:\/\/moketraduction.com\/?page_id=4231"},"modified":"2025-05-12T05:52:05","modified_gmt":"2025-05-12T05:52:05","slug":"blog","status":"publish","type":"page","link":"https:\/\/moketraduction.com\/zh\/blog\/","title":{"rendered":"Blog"},"content":{"rendered":"<div data-elementor-type=\"wp-post\" data-elementor-id=\"4231\" class=\"elementor elementor-4231\">\n\t\t\t\t<div class=\"elementor-element elementor-element-9e34934 e-con-full e-flex elementor-invisible e-con e-parent\" data-id=\"9e34934\" data-element_type=\"container\" data-e-type=\"container\" data-settings=\"{&quot;background_background&quot;:&quot;classic&quot;,&quot;animation&quot;:&quot;fadeIn&quot;}\">\n\t\t\t\t<\/div>\n\t\t<div class=\"elementor-element elementor-element-37dd287 e-flex e-con-boxed e-con e-parent\" data-id=\"37dd287\" data-element_type=\"container\" data-e-type=\"container\" data-settings=\"{&quot;background_background&quot;:&quot;classic&quot;}\">\n\t\t\t\t\t<div class=\"e-con-inner\">\n\t\t<div class=\"elementor-element elementor-element-bcd65e2 e-con-full e-flex e-con e-child\" data-id=\"bcd65e2\" data-element_type=\"container\" data-e-type=\"container\">\n\t\t<div class=\"elementor-element elementor-element-5a2c27f e-con-full e-flex e-con e-child\" data-id=\"5a2c27f\" data-element_type=\"container\" data-e-type=\"container\">\n\t\t\t\t<div class=\"elementor-element elementor-element-bec75bf elementor-widget elementor-widget-heading\" data-id=\"bec75bf\" data-element_type=\"widget\" data-e-type=\"widget\" data-widget_type=\"heading.default\">\n\t\t\t\t<div class=\"elementor-widget-container\">\n\t\t\t\t\t<h1 class=\"elementor-heading-title elementor-size-default\">Nos articles<\/h1>\t\t\t\t<\/div>\n\t\t\t\t<\/div>\n\t\t\t\t<div class=\"elementor-element elementor-element-e867c41 elementor-widget-tablet__width-initial elementor-widget elementor-widget-text-editor\" data-id=\"e867c41\" data-element_type=\"widget\" data-e-type=\"widget\" data-widget_type=\"text-editor.default\">\n\t\t\t\t<div class=\"elementor-widget-container\">\n\t\t\t\t\t\t\t\t\t<p>Explorez diff\u00e9rentes th\u00e9matiques en relation directe avec l&rsquo;activit\u00e9 de notre agence de <a href=\"https:\/\/moketraduction.com\/zh\/\" target=\"_blank\" rel=\"noopener\">traduction fran\u00e7ais chinois simplifi\u00e9<\/a> et traditionnel.<\/p>\t\t\t\t\t\t\t\t<\/div>\n\t\t\t\t<\/div>\n\t\t\t\t<\/div>\n\t\t\t\t<\/div>\n\t\t\t\t\t<\/div>\n\t\t\t\t<\/div>\n\t\t<div class=\"elementor-element elementor-element-8970aef e-flex e-con-boxed e-con e-parent\" data-id=\"8970aef\" data-element_type=\"container\" data-e-type=\"container\">\n\t\t\t\t\t<div class=\"e-con-inner\">\n\t\t\t\t<div class=\"elementor-element elementor-element-9700323 elementor-widget elementor-widget-heading\" data-id=\"9700323\" data-element_type=\"widget\" data-e-type=\"widget\" data-widget_type=\"heading.default\">\n\t\t\t\t<div class=\"elementor-widget-container\">\n\t\t\t\t\t<h2 class=\"elementor-heading-title elementor-size-default\">D\u00e9couvrez nos articles<\/h2>\t\t\t\t<\/div>\n\t\t\t\t<\/div>\n\t\t\t\t<div class=\"elementor-element elementor-element-8d285e1 elementor-widget-divider--view-line elementor-widget elementor-widget-divider\" data-id=\"8d285e1\" data-element_type=\"widget\" data-e-type=\"widget\" data-widget_type=\"divider.default\">\n\t\t\t\t<div class=\"elementor-widget-container\">\n\t\t\t\t\t\t\t<div class=\"elementor-divider\">\n\t\t\t<span class=\"elementor-divider-separator\">\n\t\t\t\t\t\t<\/span>\n\t\t<\/div>\n\t\t\t\t\t\t<\/div>\n\t\t\t\t<\/div>\n\t\t\t\t\t<\/div>\n\t\t\t\t<\/div>\n\t\t<div class=\"elementor-element elementor-element-e7d60e0 e-flex e-con-boxed e-con e-parent\" data-id=\"e7d60e0\" data-element_type=\"container\" data-e-type=\"container\">\n\t\t\t\t\t<div class=\"e-con-inner\">\n\t\t<div class=\"elementor-element elementor-element-8401fbe e-con-full e-flex e-con e-child\" data-id=\"8401fbe\" data-element_type=\"container\" data-e-type=\"container\">\n\t\t<div class=\"elementor-element elementor-element-f15b7ae e-con-full e-flex e-con e-child\" data-id=\"f15b7ae\" data-element_type=\"container\" data-e-type=\"container\">\n\t\t\t\t<div class=\"elementor-element elementor-element-fc1f392 elementor-widget__width-initial elementor-widget elementor-widget-heading\" data-id=\"fc1f392\" data-element_type=\"widget\" data-e-type=\"widget\" data-widget_type=\"heading.default\">\n\t\t\t\t<div class=\"elementor-widget-container\">\n\t\t\t\t\t<h3 class=\"elementor-heading-title elementor-size-default\">Mariage franco-ta\u00efwanais c\u00e9l\u00e9br\u00e9 \u00e0 Ta\u00efwan  : les d\u00e9marches \u00e0 suivre<\/h3>\t\t\t\t<\/div>\n\t\t\t\t<\/div>\n\t\t\t\t<div class=\"elementor-element elementor-element-d8c7e7b elementor-widget elementor-widget-image\" data-id=\"d8c7e7b\" data-element_type=\"widget\" data-e-type=\"widget\" data-widget_type=\"image.default\">\n\t\t\t\t<div class=\"elementor-widget-container\">\n\t\t\t\t\t\t\t\t\t\t\t\t\t\t\t<img fetchpriority=\"high\" decoding=\"async\" width=\"1024\" height=\"683\" src=\"https:\/\/moketraduction.com\/wp-content\/uploads\/2025\/02\/transcription-francais-chinois-mariage-taiwan-1-1024x683.jpg\" class=\"attachment-large size-large wp-image-4245\" alt=\"\" srcset=\"https:\/\/moketraduction.com\/wp-content\/uploads\/2025\/02\/transcription-francais-chinois-mariage-taiwan-1-1024x683.jpg 1024w, https:\/\/moketraduction.com\/wp-content\/uploads\/2025\/02\/transcription-francais-chinois-mariage-taiwan-1-300x200.jpg 300w, https:\/\/moketraduction.com\/wp-content\/uploads\/2025\/02\/transcription-francais-chinois-mariage-taiwan-1-768x512.jpg 768w, https:\/\/moketraduction.com\/wp-content\/uploads\/2025\/02\/transcription-francais-chinois-mariage-taiwan-1-1536x1024.jpg 1536w, https:\/\/moketraduction.com\/wp-content\/uploads\/2025\/02\/transcription-francais-chinois-mariage-taiwan-1-2048x1365.jpg 2048w\" sizes=\"(max-width: 1024px) 100vw, 1024px\" \/>\t\t\t\t\t\t\t\t\t\t\t\t\t\t\t<\/div>\n\t\t\t\t<\/div>\n\t\t\t\t<div class=\"elementor-element elementor-element-27a963f elementor-widget elementor-widget-text-editor\" data-id=\"27a963f\" data-element_type=\"widget\" data-e-type=\"widget\" data-widget_type=\"text-editor.default\">\n\t\t\t\t<div class=\"elementor-widget-container\">\n\t\t\t\t\t\t\t\t\tMariage franco-ta\u00efwanais \u00e0 Ta\u00efwan : tout ce qu\u2019il faut savoir pour que votre union soit valide en France.\t\t\t\t\t\t\t\t<\/div>\n\t\t\t\t<\/div>\n\t\t\t\t<\/div>\n\t\t\t\t<\/div>\n\t\t<div class=\"elementor-element elementor-element-9cb1d26 e-con-full e-flex e-con e-child\" data-id=\"9cb1d26\" data-element_type=\"container\" data-e-type=\"container\">\n\t\t<div class=\"elementor-element elementor-element-35289b1 e-con-full e-flex e-con e-child\" data-id=\"35289b1\" data-element_type=\"container\" data-e-type=\"container\">\n\t\t\t\t<div class=\"elementor-element elementor-element-0e4deee elementor-widget elementor-widget-heading\" data-id=\"0e4deee\" data-element_type=\"widget\" data-e-type=\"widget\" data-widget_type=\"heading.default\">\n\t\t\t\t<div class=\"elementor-widget-container\">\n\t\t\t\t\t<h3 class=\"elementor-heading-title elementor-size-default\">Contrats en fran\u00e7ais et chinois : attention \u00e0 la clause de pr\u00e9valence linguistique<\/h3>\t\t\t\t<\/div>\n\t\t\t\t<\/div>\n\t\t\t\t<div class=\"elementor-element elementor-element-3e9a41e elementor-widget elementor-widget-image\" data-id=\"3e9a41e\" data-element_type=\"widget\" data-e-type=\"widget\" data-widget_type=\"image.default\">\n\t\t\t\t<div class=\"elementor-widget-container\">\n\t\t\t\t\t\t\t\t\t\t\t\t\t\t\t<img decoding=\"async\" width=\"1024\" height=\"683\" src=\"https:\/\/moketraduction.com\/wp-content\/uploads\/2025\/02\/prevalence-clause-linguistique-traduction-francais-chinois-1024x683.jpg\" class=\"attachment-large size-large wp-image-4246\" alt=\"\" srcset=\"https:\/\/moketraduction.com\/wp-content\/uploads\/2025\/02\/prevalence-clause-linguistique-traduction-francais-chinois-1024x683.jpg 1024w, https:\/\/moketraduction.com\/wp-content\/uploads\/2025\/02\/prevalence-clause-linguistique-traduction-francais-chinois-300x200.jpg 300w, https:\/\/moketraduction.com\/wp-content\/uploads\/2025\/02\/prevalence-clause-linguistique-traduction-francais-chinois-768x513.jpg 768w, https:\/\/moketraduction.com\/wp-content\/uploads\/2025\/02\/prevalence-clause-linguistique-traduction-francais-chinois-1536x1025.jpg 1536w, https:\/\/moketraduction.com\/wp-content\/uploads\/2025\/02\/prevalence-clause-linguistique-traduction-francais-chinois-2048x1367.jpg 2048w\" sizes=\"(max-width: 1024px) 100vw, 1024px\" \/>\t\t\t\t\t\t\t\t\t\t\t\t\t\t\t<\/div>\n\t\t\t\t<\/div>\n\t\t\t\t<\/div>\n\t\t\t\t<div class=\"elementor-element elementor-element-e25d557 elementor-widget elementor-widget-text-editor\" data-id=\"e25d557\" data-element_type=\"widget\" data-e-type=\"widget\" data-widget_type=\"text-editor.default\">\n\t\t\t\t<div class=\"elementor-widget-container\">\n\t\t\t\t\t\t\t\t\tContrat bilingue fran\u00e7ais-chinois : pourquoi la clause de pr\u00e9valence linguistique peut tout changer en cas de litige.\t\t\t\t\t\t\t\t<\/div>\n\t\t\t\t<\/div>\n\t\t\t\t<\/div>\n\t\t\t\t\t<\/div>\n\t\t\t\t<\/div>\n\t\t<div class=\"elementor-element elementor-element-bc70b8d e-flex e-con-boxed e-con e-parent\" data-id=\"bc70b8d\" data-element_type=\"container\" data-e-type=\"container\">\n\t\t\t\t\t<div class=\"e-con-inner\">\n\t\t<div class=\"elementor-element elementor-element-98e840e e-con-full e-flex e-con e-child\" data-id=\"98e840e\" data-element_type=\"container\" data-e-type=\"container\">\n\t\t<div class=\"elementor-element elementor-element-bc5bf91 e-con-full e-flex e-con e-child\" data-id=\"bc5bf91\" data-element_type=\"container\" data-e-type=\"container\">\n\t\t\t\t<div class=\"elementor-element elementor-element-311120d elementor-widget__width-initial elementor-widget elementor-widget-heading\" data-id=\"311120d\" data-element_type=\"widget\" data-e-type=\"widget\" data-widget_type=\"heading.default\">\n\t\t\t\t<div class=\"elementor-widget-container\">\n\t\t\t\t\t<h3 class=\"elementor-heading-title elementor-size-default\">Traductions juridiques g\u00e9n\u00e9r\u00e9es par l'IA : encore loin du sans faute<\/h3>\t\t\t\t<\/div>\n\t\t\t\t<\/div>\n\t\t\t\t<div class=\"elementor-element elementor-element-5a69028 elementor-widget elementor-widget-image\" data-id=\"5a69028\" data-element_type=\"widget\" data-e-type=\"widget\" data-widget_type=\"image.default\">\n\t\t\t\t<div class=\"elementor-widget-container\">\n\t\t\t\t\t\t\t\t\t\t\t\t\t\t\t<img decoding=\"async\" width=\"2560\" height=\"1707\" src=\"https:\/\/moketraduction.com\/wp-content\/uploads\/2025\/02\/traduction-francais-chinois-ia-attention-2-scaled.jpg\" class=\"attachment-full size-full wp-image-4255\" alt=\"\" srcset=\"https:\/\/moketraduction.com\/wp-content\/uploads\/2025\/02\/traduction-francais-chinois-ia-attention-2-scaled.jpg 2560w, https:\/\/moketraduction.com\/wp-content\/uploads\/2025\/02\/traduction-francais-chinois-ia-attention-2-300x200.jpg 300w, https:\/\/moketraduction.com\/wp-content\/uploads\/2025\/02\/traduction-francais-chinois-ia-attention-2-1024x683.jpg 1024w, https:\/\/moketraduction.com\/wp-content\/uploads\/2025\/02\/traduction-francais-chinois-ia-attention-2-768x512.jpg 768w, https:\/\/moketraduction.com\/wp-content\/uploads\/2025\/02\/traduction-francais-chinois-ia-attention-2-1536x1024.jpg 1536w, https:\/\/moketraduction.com\/wp-content\/uploads\/2025\/02\/traduction-francais-chinois-ia-attention-2-2048x1365.jpg 2048w\" sizes=\"(max-width: 2560px) 100vw, 2560px\" \/>\t\t\t\t\t\t\t\t\t\t\t\t\t\t\t<\/div>\n\t\t\t\t<\/div>\n\t\t\t\t<\/div>\n\t\t\t\t<div class=\"elementor-element elementor-element-957198d elementor-widget elementor-widget-text-editor\" data-id=\"957198d\" data-element_type=\"widget\" data-e-type=\"widget\" data-widget_type=\"text-editor.default\">\n\t\t\t\t<div class=\"elementor-widget-container\">\n\t\t\t\t\t\t\t\t\tTraductions juridiques par IA : des gains de temps, oui\u2026 mais \u00e0 quel prix en cas d\u2019erreur ?\t\t\t\t\t\t\t\t<\/div>\n\t\t\t\t<\/div>\n\t\t\t\t<\/div>\n\t\t<div class=\"elementor-element elementor-element-3fd0fae e-con-full e-flex e-con e-child\" data-id=\"3fd0fae\" data-element_type=\"container\" data-e-type=\"container\">\n\t\t\t\t<\/div>\n\t\t\t\t\t<\/div>\n\t\t\t\t<\/div>\n\t\t\t\t<\/div>","protected":false},"excerpt":{"rendered":"<p>Nos articles Explorez diff\u00e9rentes th\u00e9matiques en relation directe avec l&rsquo;activit\u00e9 de notre agence de traduction fran\u00e7ais chinois simplifi\u00e9 et traditionnel. D\u00e9couvrez nos articles Mariage franco-ta\u00efwanais c\u00e9l\u00e9br\u00e9 \u00e0 Ta\u00efwan : les d\u00e9marches \u00e0 suivre Mariage franco-ta\u00efwanais \u00e0 Ta\u00efwan : tout ce qu\u2019il faut savoir pour que votre union soit valide en France. Contrats en fran\u00e7ais et [&hellip;]<\/p>","protected":false},"author":1,"featured_media":3772,"parent":0,"menu_order":0,"comment_status":"closed","ping_status":"closed","template":"","meta":{"_acf_changed":false,"site-sidebar-layout":"no-sidebar","site-content-layout":"page-builder","ast-site-content-layout":"full-width-container","site-content-style":"unboxed","site-sidebar-style":"unboxed","ast-global-header-display":"","ast-banner-title-visibility":"","ast-main-header-display":"","ast-hfb-above-header-display":"","ast-hfb-below-header-display":"","ast-hfb-mobile-header-display":"","site-post-title":"disabled","ast-breadcrumbs-content":"","ast-featured-img":"disabled","footer-sml-layout":"","ast-disable-related-posts":"","theme-transparent-header-meta":"enabled","adv-header-id-meta":"","stick-header-meta":"","header-above-stick-meta":"","header-main-stick-meta":"","header-below-stick-meta":"","astra-migrate-meta-layouts":"set","ast-page-background-enabled":"default","ast-page-background-meta":{"desktop":{"background-color":"","background-image":"","background-repeat":"repeat","background-position":"center center","background-size":"auto","background-attachment":"scroll","background-type":"","background-media":"","overlay-type":"","overlay-color":"","overlay-opacity":"","overlay-gradient":""},"tablet":{"background-color":"","background-image":"","background-repeat":"repeat","background-position":"center center","background-size":"auto","background-attachment":"scroll","background-type":"","background-media":"","overlay-type":"","overlay-color":"","overlay-opacity":"","overlay-gradient":""},"mobile":{"background-color":"","background-image":"","background-repeat":"repeat","background-position":"center center","background-size":"auto","background-attachment":"scroll","background-type":"","background-media":"","overlay-type":"","overlay-color":"","overlay-opacity":"","overlay-gradient":""}},"ast-content-background-meta":{"desktop":{"background-color":"var(--ast-global-color-5)","background-image":"","background-repeat":"repeat","background-position":"center center","background-size":"auto","background-attachment":"scroll","background-type":"","background-media":"","overlay-type":"","overlay-color":"","overlay-opacity":"","overlay-gradient":""},"tablet":{"background-color":"var(--ast-global-color-5)","background-image":"","background-repeat":"repeat","background-position":"center center","background-size":"auto","background-attachment":"scroll","background-type":"","background-media":"","overlay-type":"","overlay-color":"","overlay-opacity":"","overlay-gradient":""},"mobile":{"background-color":"var(--ast-global-color-5)","background-image":"","background-repeat":"repeat","background-position":"center center","background-size":"auto","background-attachment":"scroll","background-type":"","background-media":"","overlay-type":"","overlay-color":"","overlay-opacity":"","overlay-gradient":""}},"footnotes":""},"class_list":["post-4231","page","type-page","status-publish","has-post-thumbnail","hentry"],"acf":[],"yoast_head":"<!-- This site is optimized with the Yoast SEO plugin v25.0 - https:\/\/yoast.com\/wordpress\/plugins\/seo\/ -->\n<title>Blog - M\u00f2k\u00e8 Traduction<\/title>\n<meta name=\"robots\" content=\"noindex, follow, max-snippet:-1, max-image-preview:large, max-video-preview:-1\" \/>\n<meta property=\"og:locale\" content=\"zh_TW\" \/>\n<meta property=\"og:type\" content=\"article\" \/>\n<meta property=\"og:title\" content=\"Blog - M\u00f2k\u00e8 Traduction\" \/>\n<meta property=\"og:description\" content=\"Nos articles Explorez diff\u00e9rentes th\u00e9matiques en relation directe avec l&rsquo;activit\u00e9 de notre agence de traduction fran\u00e7ais chinois simplifi\u00e9 et traditionnel. D\u00e9couvrez nos articles Mariage franco-ta\u00efwanais c\u00e9l\u00e9br\u00e9 \u00e0 Ta\u00efwan : les d\u00e9marches \u00e0 suivre Mariage franco-ta\u00efwanais \u00e0 Ta\u00efwan : tout ce qu\u2019il faut savoir pour que votre union soit valide en France. Contrats en fran\u00e7ais et [&hellip;]\" \/>\n<meta property=\"og:url\" content=\"https:\/\/moketraduction.com\/zh\/blog\/\" \/>\n<meta property=\"og:site_name\" content=\"M\u00f2k\u00e8 Traduction\" \/>\n<meta property=\"article:modified_time\" content=\"2025-05-12T05:52:05+00:00\" \/>\n<meta property=\"og:image\" content=\"https:\/\/moketraduction.com\/wp-content\/uploads\/2025\/02\/services-traduction-francais-chinois-1-scaled.jpg\" \/>\n\t<meta property=\"og:image:width\" content=\"2560\" \/>\n\t<meta property=\"og:image:height\" content=\"1707\" \/>\n\t<meta property=\"og:image:type\" content=\"image\/jpeg\" \/>\n<meta name=\"twitter:card\" content=\"summary_large_image\" \/>\n<meta name=\"twitter:label1\" content=\"\u9810\u4f30\u95b1\u8b80\u6642\u9593\" \/>\n\t<meta name=\"twitter:data1\" content=\"2 \u5206\u9418\" \/>\n<script type=\"application\/ld+json\" class=\"yoast-schema-graph\">{\"@context\":\"https:\/\/schema.org\",\"@graph\":[{\"@type\":\"WebPage\",\"@id\":\"https:\/\/moketraduction.com\/blog\/\",\"url\":\"https:\/\/moketraduction.com\/blog\/\",\"name\":\"Blog - M\u00f2k\u00e8 Traduction\",\"isPartOf\":{\"@id\":\"https:\/\/www.moketraduction.com\/#website\"},\"primaryImageOfPage\":{\"@id\":\"https:\/\/moketraduction.com\/blog\/#primaryimage\"},\"image\":{\"@id\":\"https:\/\/moketraduction.com\/blog\/#primaryimage\"},\"thumbnailUrl\":\"https:\/\/moketraduction.com\/wp-content\/uploads\/2025\/02\/services-traduction-francais-chinois-1-scaled.jpg\",\"datePublished\":\"2025-02-26T03:58:11+00:00\",\"dateModified\":\"2025-05-12T05:52:05+00:00\",\"breadcrumb\":{\"@id\":\"https:\/\/moketraduction.com\/blog\/#breadcrumb\"},\"inLanguage\":\"zh-TW\",\"potentialAction\":[{\"@type\":\"ReadAction\",\"target\":[\"https:\/\/moketraduction.com\/blog\/\"]}]},{\"@type\":\"ImageObject\",\"inLanguage\":\"zh-TW\",\"@id\":\"https:\/\/moketraduction.com\/blog\/#primaryimage\",\"url\":\"https:\/\/moketraduction.com\/wp-content\/uploads\/2025\/02\/services-traduction-francais-chinois-1-scaled.jpg\",\"contentUrl\":\"https:\/\/moketraduction.com\/wp-content\/uploads\/2025\/02\/services-traduction-francais-chinois-1-scaled.jpg\",\"width\":2560,\"height\":1707},{\"@type\":\"BreadcrumbList\",\"@id\":\"https:\/\/moketraduction.com\/blog\/#breadcrumb\",\"itemListElement\":[{\"@type\":\"ListItem\",\"position\":1,\"name\":\"Accueil\",\"item\":\"https:\/\/moketraduction.com\/\"},{\"@type\":\"ListItem\",\"position\":2,\"name\":\"Blog\"}]},{\"@type\":\"WebSite\",\"@id\":\"https:\/\/www.moketraduction.com\/#website\",\"url\":\"https:\/\/www.moketraduction.com\/\",\"name\":\"M\u00f2k\u00e8 Traduction\",\"description\":\"Agence de traduction fran\u00e7ais-chinois\",\"potentialAction\":[{\"@type\":\"SearchAction\",\"target\":{\"@type\":\"EntryPoint\",\"urlTemplate\":\"https:\/\/www.moketraduction.com\/?s={search_term_string}\"},\"query-input\":{\"@type\":\"PropertyValueSpecification\",\"valueRequired\":true,\"valueName\":\"search_term_string\"}}],\"inLanguage\":\"zh-TW\"}]}<\/script>\n<!-- \/ Yoast SEO plugin. -->","yoast_head_json":{"title":"Blog - M\u00f2k\u00e8 Traduction","robots":{"index":"noindex","follow":"follow","max-snippet":"max-snippet:-1","max-image-preview":"max-image-preview:large","max-video-preview":"max-video-preview:-1"},"og_locale":"zh_TW","og_type":"article","og_title":"Blog - M\u00f2k\u00e8 Traduction","og_description":"Nos articles Explorez diff\u00e9rentes th\u00e9matiques en relation directe avec l&rsquo;activit\u00e9 de notre agence de traduction fran\u00e7ais chinois simplifi\u00e9 et traditionnel. D\u00e9couvrez nos articles Mariage franco-ta\u00efwanais c\u00e9l\u00e9br\u00e9 \u00e0 Ta\u00efwan : les d\u00e9marches \u00e0 suivre Mariage franco-ta\u00efwanais \u00e0 Ta\u00efwan : tout ce qu\u2019il faut savoir pour que votre union soit valide en France. Contrats en fran\u00e7ais et [&hellip;]","og_url":"https:\/\/moketraduction.com\/zh\/blog\/","og_site_name":"M\u00f2k\u00e8 Traduction","article_modified_time":"2025-05-12T05:52:05+00:00","og_image":[{"width":2560,"height":1707,"url":"https:\/\/moketraduction.com\/wp-content\/uploads\/2025\/02\/services-traduction-francais-chinois-1-scaled.jpg","type":"image\/jpeg"}],"twitter_card":"summary_large_image","twitter_misc":{"\u9810\u4f30\u95b1\u8b80\u6642\u9593":"2 \u5206\u9418"},"schema":{"@context":"https:\/\/schema.org","@graph":[{"@type":"WebPage","@id":"https:\/\/moketraduction.com\/blog\/","url":"https:\/\/moketraduction.com\/blog\/","name":"Blog - M\u00f2k\u00e8 Traduction","isPartOf":{"@id":"https:\/\/www.moketraduction.com\/#website"},"primaryImageOfPage":{"@id":"https:\/\/moketraduction.com\/blog\/#primaryimage"},"image":{"@id":"https:\/\/moketraduction.com\/blog\/#primaryimage"},"thumbnailUrl":"https:\/\/moketraduction.com\/wp-content\/uploads\/2025\/02\/services-traduction-francais-chinois-1-scaled.jpg","datePublished":"2025-02-26T03:58:11+00:00","dateModified":"2025-05-12T05:52:05+00:00","breadcrumb":{"@id":"https:\/\/moketraduction.com\/blog\/#breadcrumb"},"inLanguage":"zh-TW","potentialAction":[{"@type":"ReadAction","target":["https:\/\/moketraduction.com\/blog\/"]}]},{"@type":"ImageObject","inLanguage":"zh-TW","@id":"https:\/\/moketraduction.com\/blog\/#primaryimage","url":"https:\/\/moketraduction.com\/wp-content\/uploads\/2025\/02\/services-traduction-francais-chinois-1-scaled.jpg","contentUrl":"https:\/\/moketraduction.com\/wp-content\/uploads\/2025\/02\/services-traduction-francais-chinois-1-scaled.jpg","width":2560,"height":1707},{"@type":"BreadcrumbList","@id":"https:\/\/moketraduction.com\/blog\/#breadcrumb","itemListElement":[{"@type":"ListItem","position":1,"name":"Accueil","item":"https:\/\/moketraduction.com\/"},{"@type":"ListItem","position":2,"name":"Blog"}]},{"@type":"WebSite","@id":"https:\/\/www.moketraduction.com\/#website","url":"https:\/\/www.moketraduction.com\/","name":"M\u00f2k\u00e8 Traduction","description":"Agence de traduction fran\u00e7ais-chinois","potentialAction":[{"@type":"SearchAction","target":{"@type":"EntryPoint","urlTemplate":"https:\/\/www.moketraduction.com\/?s={search_term_string}"},"query-input":{"@type":"PropertyValueSpecification","valueRequired":true,"valueName":"search_term_string"}}],"inLanguage":"zh-TW"}]}},"_links":{"self":[{"href":"https:\/\/moketraduction.com\/zh\/wp-json\/wp\/v2\/pages\/4231","targetHints":{"allow":["GET"]}}],"collection":[{"href":"https:\/\/moketraduction.com\/zh\/wp-json\/wp\/v2\/pages"}],"about":[{"href":"https:\/\/moketraduction.com\/zh\/wp-json\/wp\/v2\/types\/page"}],"author":[{"embeddable":true,"href":"https:\/\/moketraduction.com\/zh\/wp-json\/wp\/v2\/users\/1"}],"replies":[{"embeddable":true,"href":"https:\/\/moketraduction.com\/zh\/wp-json\/wp\/v2\/comments?post=4231"}],"version-history":[{"count":55,"href":"https:\/\/moketraduction.com\/zh\/wp-json\/wp\/v2\/pages\/4231\/revisions"}],"predecessor-version":[{"id":4558,"href":"https:\/\/moketraduction.com\/zh\/wp-json\/wp\/v2\/pages\/4231\/revisions\/4558"}],"wp:featuredmedia":[{"embeddable":true,"href":"https:\/\/moketraduction.com\/zh\/wp-json\/wp\/v2\/media\/3772"}],"wp:attachment":[{"href":"https:\/\/moketraduction.com\/zh\/wp-json\/wp\/v2\/media?parent=4231"}],"curies":[{"name":"wp","href":"https:\/\/api.w.org\/{rel}","templated":true}]}}