{"id":3541,"date":"2025-01-16T09:46:05","date_gmt":"2025-01-16T09:46:05","guid":{"rendered":"https:\/\/moketraduction.com\/politique-confidentialite\/"},"modified":"2025-03-04T06:07:44","modified_gmt":"2025-03-04T06:07:44","slug":"politique-confidentialite","status":"publish","type":"page","link":"https:\/\/moketraduction.com\/zh\/politique-confidentialite\/","title":{"rendered":"Politique de confidentialit\u00e9"},"content":{"rendered":"<div data-elementor-type=\"wp-page\" data-elementor-id=\"3541\" class=\"elementor elementor-3541\">\n\t\t\t\t<div class=\"elementor-element elementor-element-758a420 e-flex e-con-boxed e-con e-parent\" data-id=\"758a420\" data-element_type=\"container\" data-e-type=\"container\">\n\t\t\t\t\t<div class=\"e-con-inner\">\n\t\t\t\t<div class=\"elementor-element elementor-element-8a10eb3 elementor-widget elementor-widget-heading\" data-id=\"8a10eb3\" data-element_type=\"widget\" data-e-type=\"widget\" data-widget_type=\"heading.default\">\n\t\t\t\t<div class=\"elementor-widget-container\">\n\t\t\t\t\t<h2 class=\"elementor-heading-title elementor-size-default\">Politique de confidentialit\u00e9<\/h2>\t\t\t\t<\/div>\n\t\t\t\t<\/div>\n\t\t\t\t<div class=\"elementor-element elementor-element-5cdbebd4 elementor-widget elementor-widget-text-editor\" data-id=\"5cdbebd4\" data-element_type=\"widget\" data-e-type=\"widget\" data-widget_type=\"text-editor.default\">\n\t\t\t\t<div class=\"elementor-widget-container\">\n\t\t\t\t\t\t\t\t\t\n<p>La pr\u00e9sente Politique de Confidentialit\u00e9 a pour but d&rsquo;informer les utilisateurs du site sur la mani\u00e8re dont sont collect\u00e9es leurs donn\u00e9es \u00e0 caract\u00e8re personnel, sur les droits dont ils disposent concernant ces donn\u00e9es, sur les destinataires de ces donn\u00e9es \u00e0 caract\u00e8re personnel, et sur la politique du site en mati\u00e8re de cookies.<\/p>\n<p>Sont consid\u00e9r\u00e9es comme des donn\u00e9es \u00e0 caract\u00e8re personnel toutes les informations permettant d&rsquo;identifier un utilisateur. Il peut s&rsquo;agir par exemple : de son nom, de son pr\u00e9nom, de son \u00e2ge, de son adresse postale ou \u00e9lectronique, de sa localisation ou encore de son adresse IP.<\/p>\n<p>Cette Politique de Confidentialit\u00e9 compl\u00e8te les Conditions G\u00e9n\u00e9rales d\\&rsquo;Utilisation consultable par les utilisateurs ici.<\/p>\n<p><strong>ARTICLE 1 : COLLECTE ET UTILISATION DE VOS DONN\u00c9ES \u00c0 CARACT\u00c8RE PERSONNEL<\/strong><\/p>\n<p><em>Article 1.1 : Donn\u00e9es collect\u00e9es<\/em><\/p>\n<p>Nous collectons les donn\u00e9es \u00e0 caract\u00e8re personnel suivantes :<\/p>\n<p>&#8211; Des donn\u00e9es g\u00e9n\u00e9r\u00e9es automatiquement dans le cadre de votre navigation sur ce site, relatives notamment \u00e0 la fr\u00e9quence et aux circonstances de navigation, \u00e0 votre acceptation ou non des cookies et de nos Conditions G\u00e9n\u00e9rales d&rsquo;Utilisation ;<br \/>&#8211; Des donn\u00e9es que vous consentez \u00e0 nous fournir lorsque vous nous contactez par voie \u00e9lectronique ou lorsque vous utilisez notre formulaire de contact ici, telles que votre nom, votre pr\u00e9nom, votre d\u00e9nomination sociale, votre adresse \u00e9lectronique, et votre num\u00e9ro de t\u00e9l\u00e9phone ;<br \/>&#8211; Des donn\u00e9es contenues dans toutes les communications que vous nous adressez par voie \u00e9lectronique ou lorsque vous utilisez notre formulaire de contact ici ;<br \/>&#8211; Toute autre donn\u00e9e \u00e0 caract\u00e8re personnel que vous consentez \u00e0 nous communiquer spontan\u00e9ment ou \u00e0 notre demande.<\/p>\n<p>Avant de nous communiquer toute information concernant et\/ou permettant d&rsquo;identifier un tiers, vous acceptez d&rsquo;obtenir son consentement \u00e9clair\u00e9 et explicite \u00e0 la collecte et au traitement de cette information conform\u00e9ment aux stipulations de la pr\u00e9sente Politique de Confidentialit\u00e9.<\/p>\n<p><em>Article 1.2 : Traitement des donn\u00e9es collect\u00e9es<\/em><\/p>\n<p>La collecte et le traitement de vos donn\u00e9es \u00e0 caract\u00e8re personnel r\u00e9pondent aux finalit\u00e9s suivantes :<\/p>\n<p>&#8211; Administrer ce site et notre soci\u00e9t\u00e9 ;<br \/>&#8211; Assurer la s\u00e9curit\u00e9 de notre site et pr\u00e9venir les fraudes ;<br \/>&#8211; V\u00e9rifier le respect de nos Conditions G\u00e9n\u00e9rales d\\&rsquo;Utilisation ;<br \/>&#8211; Vous fournir des services de traduction conformes \u00e0 vos attentes et de qualit\u00e9 ;<br \/>&#8211; Vous envoyer des devis, relev\u00e9s, factures, et rappels de paiements ;<br \/>&#8211; Collecter vos paiements ;<br \/>&#8211; Vous envoyer des courriels dans le cadre de nos prestations de services de traduction ou pour r\u00e9pondre \u00e0 vos demandes ou r\u00e9clamations ;<br \/>&#8211; Traiter les demandes ou r\u00e9clamations relatives \u00e0 ce site effectu\u00e9es par vous ou vous concernant.<\/p>\n<p><em>Article 1.3 : Transmission \u00e0 des tiers<\/em><\/p>\n<p>Vos donn\u00e9es \u00e0 caract\u00e8re personnel peuvent \u00eatre transmises \u00e0 n\\&rsquo;importe lequel de nos employ\u00e9s, dirigeants, assureurs, conseillers professionnels, agents, ou fournisseurs, \u00e0 chaque fois dans la mesure strictement n\u00e9cessaire aux finalit\u00e9s \u00e9nonc\u00e9es dans l\\&rsquo;Article 1.2 (Traitement des donn\u00e9es collect\u00e9es) de la pr\u00e9sente Politique de Confidentialit\u00e9.<\/p>\n<p>Nous r\u00e9servons \u00e9galement le droit de divulguer vos donn\u00e9es \u00e0 caract\u00e8re personnel :<\/p>\n<p>&#8211; Dans la mesure o\u00f9 la loi applicable nous y oblige ;<br \/>&#8211; Dans le cadre de toute proc\u00e9dure judiciaire en cours ou \u00e0 venir ;<br \/>&#8211; Pour \u00e9tablir, exercer ou d\u00e9fendre nos droits en vertu de la loi applicable (y compris pour fournir des informations \u00e0 d\\&rsquo;autres \u00e0 des fins de pr\u00e9vention des fraudes et de r\u00e9duction des risques de cr\u00e9dit) ;<br \/>&#8211; \u00c0 l&rsquo;acqu\u00e9reur (ou acqu\u00e9reur potentiel) de toute soci\u00e9t\u00e9 ou actif en notre possession que nous souhaitons (ou envisageons de) vendre ; et<\/p>\n<p>Sauf stipulation contraire de la pr\u00e9sente Politique de Confidentialit\u00e9, nous ne transmettons pas vos donn\u00e9es \u00e0 caract\u00e8re personnel \u00e0 des tiers.<\/p>\n<p><em>Article 1.4 : Conservation des donn\u00e9es collect\u00e9es<\/em><\/p>\n<p>Nous conservons vos donn\u00e9es \u00e0 caract\u00e8re personnel dans des conditions raisonnables de s\u00e9curit\u00e9, aussi longtemps que n\u00e9cessaire aux finalit\u00e9s \u00e9nonc\u00e9es dans l\\&rsquo;Article 1.2 (Traitement des donn\u00e9es collect\u00e9es) de la pr\u00e9sente Politique de Confidentialit\u00e9.)<\/p>\n<p>Nous sommes cependant susceptibles de conserver certaines donn\u00e9es \u00e0 caract\u00e8re personnel plus longtemps dans la mesure o\u00f9 la loi applicable nous y oblige, dans le cadre de toute proc\u00e9dure judiciaire en cours ou potentielle, ou pour \u00e9tablir, exercer ou d\u00e9fendre nos droits en vertu de la loi applicable (y compris pour fournir des informations \u00e0 d\\&rsquo;autres \u00e0 des fins de pr\u00e9vention des fraudes et de r\u00e9duction des risques de cr\u00e9dit).<\/p>\n<p><em>Article 1.5 : H\u00e9bergement des donn\u00e9es<\/em><\/p>\n<p>Ce site www.moketraduction-com est h\u00e9berg\u00e9 par :<\/p>\n<p>Hostinger UAB<br \/>34, rue \u0160vitrigailos, 03230<br \/>Vilnius, Lituanie<\/p>\n<p><strong>ARTICLE 2 : COOKIES<\/strong><\/p>\n<p><strong>Article 2.1\u00a0: Utilisation de cookies<\/strong><\/p>\n<p>Nous utilisons des cookies. L\u2019enregistrement des cookies lors de votre navigation sur ce site est effectu\u00e9 en fonction des param\u00e8tres s\u00e9lectionn\u00e9s par vous lors de votre premi\u00e8re connexion et modifiables \u00e0 tout moment conform\u00e9ment \u00e0 la pr\u00e9sente Politique de Confidentialit\u00e9 en cliquant sur le lien \u00ab Modifier mes pr\u00e9f\u00e9rences cookies\u00a0\u00bb pr\u00e9sent en bas de chaque page.<\/p>\n<p><strong>Article 2.2\u00a0: D\u00e9finition<\/strong><\/p>\n<p>Les cookies sont de petits fichiers texte contenant des donn\u00e9es permettant d\u2019identifier votre terminal (ordinateur, tablette, smartphone, etc.) lorsque vous naviguez sur un site internet. Ils sont cr\u00e9\u00e9s par le serveur lors de votre connexion, puis sont \u00e9chang\u00e9s entre votre terminal et le serveur pour am\u00e9liorer votre exp\u00e9rience de navigation.<\/p>\n<p>Il existe diff\u00e9rents types de cookies, notamment des cookies dits essentiels ou fonctionnels, et des cookies non-essentiels. Les cookies dits essentiels ou fonctionnels, comme leur nom l\u2019indique, sont n\u00e9cessaires au bon fonctionnement du site.<\/p>\n<p><strong>Article 2.3\u00a0: Finalit\u00e9s<\/strong><\/p>\n<p><em>2.3.1. Cookies essentiels<\/em><\/p>\n<ul>\n<li data-start=\"165\" data-end=\"676\">\n<p data-start=\"167\" data-end=\"229\">Cookies li\u00e9s \u00e0 WordPress et \u00e0 l\u2019administration du site :<\/p>\n<ul data-start=\"232\" data-end=\"676\">\n<li data-start=\"232\" data-end=\"316\"><code data-start=\"234\" data-end=\"257\">wordpress_test_cookie<\/code> (v\u00e9rifie si les cookies sont activ\u00e9s dans le navigateur)<\/li>\n<li data-start=\"319\" data-end=\"392\"><code data-start=\"321\" data-end=\"344\">wordpress_logged_in_*<\/code> (authentification des utilisateurs connect\u00e9s)<\/li>\n<li data-start=\"395\" data-end=\"448\"><code data-start=\"397\" data-end=\"420\">WP_PREFERENCES_USER_*<\/code> (pr\u00e9f\u00e9rences utilisateur)<\/li>\n<li data-start=\"451\" data-end=\"523\"><code data-start=\"453\" data-end=\"468\">wp-settings-*<\/code> (enregistre les pr\u00e9f\u00e9rences d\u2019interface utilisateur)<\/li>\n<li data-start=\"526\" data-end=\"587\"><code data-start=\"528\" data-end=\"548\">wp-settings-time-*<\/code> (enregistre l\u2019heure des pr\u00e9f\u00e9rences)<\/li>\n<li data-start=\"590\" data-end=\"676\"><code data-start=\"592\" data-end=\"643\">wfwaf-authcookie-9395d7df2f7a78df4fd256eec566fc89<\/code> (s\u00e9curit\u00e9, pare-feu Wordfence)<\/li>\n<\/ul>\n<\/li>\n<\/ul>\n<ul>\n<li data-start=\"678\" data-end=\"864\">\n<p data-start=\"680\" data-end=\"744\">Cookies de s\u00e9curit\u00e9 et de protection contre le spam\/bots :<\/p>\n<ul data-start=\"747\" data-end=\"864\">\n<li data-start=\"747\" data-end=\"798\"><code data-start=\"749\" data-end=\"756\">rc::a<\/code> (Google reCAPTCHA, pr\u00e9vention des bots)<\/li>\n<li data-start=\"801\" data-end=\"831\"><code data-start=\"803\" data-end=\"810\">rc::b<\/code> (Google reCAPTCHA)<\/li>\n<li data-start=\"834\" data-end=\"864\"><code data-start=\"836\" data-end=\"843\">rc::c<\/code> (Google reCAPTCHA)<\/li>\n<\/ul>\n<\/li>\n<\/ul>\n<ul>\n<li data-start=\"866\" data-end=\"1781\">\n<p data-start=\"868\" data-end=\"931\">Cookies de personnalisation et de configuration du site :<\/p>\n<ul data-start=\"934\" data-end=\"1781\">\n<li data-start=\"934\" data-end=\"988\"><code data-start=\"936\" data-end=\"947\">e_globals<\/code> (configuration de l\u2019\u00e9diteur Elementor)<\/li>\n<li data-start=\"991\" data-end=\"1050\"><code data-start=\"993\" data-end=\"1004\">elementor<\/code> (param\u00e8tres de l\u2019\u00e9diteur de page Elementor)<\/li>\n<li data-start=\"1053\" data-end=\"1118\"><code data-start=\"1055\" data-end=\"1080\">e_kit-elements-defaults<\/code> (param\u00e8tres par d\u00e9faut d\u2019Elementor)<\/li>\n<li data-start=\"1121\" data-end=\"1201\"><code data-start=\"1123\" data-end=\"1153\">starter-templates-onboarding<\/code> (configuration de l\u2019onboarding des templates)<\/li>\n<li data-start=\"1204\" data-end=\"1265\"><code data-start=\"1206\" data-end=\"1230\">onboarding-setup-store<\/code> (param\u00e8tres li\u00e9s \u00e0 l\u2019onboarding)<\/li>\n<li data-start=\"1268\" data-end=\"1337\"><code data-start=\"1270\" data-end=\"1292\">customizerVisitCount<\/code> (suivi du nombre de visites du customizer)<\/li>\n<li data-start=\"1340\" data-end=\"1393\"><code data-start=\"1342\" data-end=\"1359\">st-import-start<\/code> (\u00e9tat d\u2019importation de donn\u00e9es)<\/li>\n<li data-start=\"1396\" data-end=\"1447\"><code data-start=\"1398\" data-end=\"1413\">st-import-end<\/code> (\u00e9tat d\u2019importation de donn\u00e9es)<\/li>\n<li data-start=\"1450\" data-end=\"1513\"><code data-start=\"1452\" data-end=\"1472\">st-scroll-position<\/code> (sauvegarde la position de d\u00e9filement)<\/li>\n<li data-start=\"1516\" data-end=\"1584\"><code data-start=\"1518\" data-end=\"1538\">uagSvgConfirmation<\/code> (confirmation d\u2019importation pour l\u2019\u00e9diteur)<\/li>\n<li data-start=\"1587\" data-end=\"1653\"><code data-start=\"1589\" data-end=\"1613\">spectraCopyPasteStyles<\/code> (sauvegarde des styles copi\u00e9s\/coll\u00e9s)<\/li>\n<li data-start=\"1656\" data-end=\"1740\"><code data-start=\"1658\" data-end=\"1696\">gt-current-screen-moketraduction.com<\/code> (suivi interne de l\u2019\u00e9cran actuel du site)<\/li>\n<li data-start=\"1743\" data-end=\"1781\"><code data-start=\"1745\" data-end=\"1760\">_lscache_vary<\/code> (gestion du cache)<\/li>\n<\/ul>\n<\/li>\n<\/ul>\n<p><em>2.3.2. Cookies non-essentiels<\/em><\/p>\n<ul>\n<li data-start=\"1908\" data-end=\"2502\">\n<p data-start=\"1910\" data-end=\"1970\">Cookies li\u00e9s au suivi et aux pr\u00e9f\u00e9rences utilisateur :<\/p>\n<ul data-start=\"1973\" data-end=\"2502\">\n<li data-start=\"1973\" data-end=\"2045\"><code data-start=\"1975\" data-end=\"1993\">cmplz_functional<\/code> (stocke les pr\u00e9f\u00e9rences des cookies fonctionnels)<\/li>\n<li data-start=\"2048\" data-end=\"2113\"><code data-start=\"2050\" data-end=\"2069\">cmplz_preferences<\/code> (stocke les pr\u00e9f\u00e9rences de l\u2019utilisateur)<\/li>\n<li data-start=\"2116\" data-end=\"2171\"><code data-start=\"2118\" data-end=\"2135\">cmplz_marketing<\/code> (suivi des pr\u00e9f\u00e9rences marketing)<\/li>\n<li data-start=\"2174\" data-end=\"2245\"><code data-start=\"2176\" data-end=\"2202\">cmplz_consented_services<\/code> (garde une trace des services consentis)<\/li>\n<li data-start=\"2248\" data-end=\"2337\"><code data-start=\"2250\" data-end=\"2267\">cmplz_policy_id<\/code> (enregistre la version de la politique de confidentialit\u00e9 accept\u00e9e)<\/li>\n<li data-start=\"2340\" data-end=\"2414\"><code data-start=\"2342\" data-end=\"2363\">cmplz_banner-status<\/code> (suivi de l\u2019affichage de la banni\u00e8re de cookies)<\/li>\n<li data-start=\"2417\" data-end=\"2502\"><code data-start=\"2419\" data-end=\"2437\">cmplz_statistics<\/code> (stocke les pr\u00e9f\u00e9rences de consentement pour les statistiques)<\/li>\n<\/ul>\n<\/li>\n<\/ul>\n<ul>\n<li data-start=\"2504\" data-end=\"2665\">\n<p data-start=\"2506\" data-end=\"2552\">Cookies li\u00e9s aux API externes (Google) :<\/p>\n<ul data-start=\"2555\" data-end=\"2665\">\n<li data-start=\"2555\" data-end=\"2609\"><code data-start=\"2557\" data-end=\"2575\">Google Fonts API<\/code> (chargement des polices Google)<\/li>\n<li data-start=\"2612\" data-end=\"2665\"><code data-start=\"2614\" data-end=\"2631\">Google Maps API<\/code> (utilisation des cartes Google)<\/li>\n<\/ul>\n<\/li>\n<\/ul>\n<ul>\n<li data-start=\"2667\" data-end=\"2821\">\n<p data-start=\"2669\" data-end=\"2730\">Cookies potentiellement analytiques ou de performance :<\/p>\n<ul data-start=\"2733\" data-end=\"2821\">\n<li data-start=\"2733\" data-end=\"2821\"><code data-start=\"2735\" data-end=\"2744\">prism_*<\/code> (potentiellement utilis\u00e9 pour la mise en \u00e9vidence de code ou l\u2019analytique)<\/li>\n<\/ul>\n<\/li>\n<\/ul>\n<p><em>2.3.2 Pas d\u2019autres cookies<\/em><\/p>\n<p>Nous n\u2019utilisons aucun autre cookie ou technologie similaire. \u00a0<\/p>\n<p><strong>ARTICLE 3 : DROITS DE L&rsquo;UTILISATEUR<\/strong><\/p>\n<p>Tout utilisateur dont les donn\u00e9es \u00e0 caract\u00e8re personnel sont collect\u00e9es et trait\u00e9es peut se pr\u00e9valoir des droits suivants :<\/p>\n<p>&#8211; Droit d&rsquo;acc\u00e8s, de rectification et droit \u00e0 l&rsquo;effacement des donn\u00e9es ;<br \/>&#8211; Droit \u00e0 la portabilit\u00e9 des donn\u00e9es ; et<br \/>&#8211; Droit \u00e0 la limitation et \u00e0 l&rsquo;opposition \u00e0 la collecte, au traitement et \u00e0 l&rsquo;utilisation des donn\u00e9es.<\/p>\n<p>Pour exercer vos droits, contactez-nous par voie \u00e9lectronique \u00e0 moketraduction@gmail.com. Nous vous r\u00e9pondrons sous 30 jours, ou 90 jours si votre demande est particuli\u00e8rement complexe.<\/p>\n<p>Afin de pouvoir faire droit \u00e0 votre demande, vous pourrez \u00eatre tenu(e) de nous communiquer certaines informations telles que : votre nom, votre pr\u00e9nom, votre adresse \u00e9lectronique ainsi que, le cas \u00e9ch\u00e9ant, votre num\u00e9ro de compte client ou d&rsquo;espace personnel.<\/p>\n<p><strong>ARTICLE 4 : LOI APPLICABLE ; TRIBUNAUX COMP\u00c9TENTS<\/strong><\/p>\n<p>La pr\u00e9sente Politique de Confidentialit\u00e9 est r\u00e9gie exclusivement par le droit ta\u00efwanais. Tout litige, diff\u00e9rend ou toute r\u00e9clamation d\u00e9coulant de et\/ou li\u00e9(e) \u00e0 la pr\u00e9sente Politique de Confidentialit\u00e9 est soumis(e) \u00e0 la comp\u00e9tence exclusive des Tribunaux de Kaohsiung, Ta\u00efwan (R\u00e9publique de Chine).<\/p>\n<p><strong>ARTICLE 5 : ENTR\u00c9E EN VIGUEUR &amp; MODIFICATION<\/strong><\/p>\n<p>Nous nous r\u00e9servons le droit de pouvoir modifier la pr\u00e9sente Politique de Confidentialit\u00e9 \u00e0 tout moment et sans pr\u00e9avis afin d&rsquo;en assurer la conformit\u00e9 avec la loi applicable.<\/p>\n<p>Ces \u00e9ventuelles modifications ne s&rsquo;appliqueront pas aux services de traduction achet\u00e9s avant leur entr\u00e9e en vigueur, qui resteront soumis aux stipulations de la Politique de Confidentialit\u00e9 dans sa version en vigueur au moment de l&rsquo;achat.<\/p>\n<p>L&rsquo;utilisateur est invit\u00e9 \u00e0 prendre connaissance de la pr\u00e9sente Politique de Confidentialit\u00e9 \u00e0 chaque fois qu&rsquo;il utilise nos services de traduction, sans qu&rsquo;il soit n\u00e9cessaire de l&rsquo;en pr\u00e9venir formellement.<\/p>\n<p>La pr\u00e9sente Politique de Confidentialit\u00e9, \u00e9dit\u00e9e le [date de mise en ligne], a \u00e9t\u00e9 mise \u00e0 jour le [date de modification de la politique].<\/p>\n\t\t\t\t\t\t\t\t<\/div>\n\t\t\t\t<\/div>\n\t\t\t\t\t<\/div>\n\t\t\t\t<\/div>\n\t\t\t\t<\/div>","protected":false},"excerpt":{"rendered":"<p>Politique de confidentialit\u00e9<\/p>","protected":false},"author":1,"featured_media":0,"parent":0,"menu_order":0,"comment_status":"closed","ping_status":"closed","template":"","meta":{"_acf_changed":false,"site-sidebar-layout":"default","site-content-layout":"","ast-site-content-layout":"default","site-content-style":"default","site-sidebar-style":"default","ast-global-header-display":"","ast-banner-title-visibility":"","ast-main-header-display":"","ast-hfb-above-header-display":"","ast-hfb-below-header-display":"","ast-hfb-mobile-header-display":"","site-post-title":"disabled","ast-breadcrumbs-content":"","ast-featured-img":"","footer-sml-layout":"","ast-disable-related-posts":"","theme-transparent-header-meta":"","adv-header-id-meta":"","stick-header-meta":"","header-above-stick-meta":"","header-main-stick-meta":"","header-below-stick-meta":"","astra-migrate-meta-layouts":"set","ast-page-background-enabled":"default","ast-page-background-meta":{"desktop":{"background-color":"","background-image":"","background-repeat":"repeat","background-position":"center center","background-size":"auto","background-attachment":"scroll","background-type":"","background-media":"","overlay-type":"","overlay-color":"","overlay-opacity":"","overlay-gradient":""},"tablet":{"background-color":"","background-image":"","background-repeat":"repeat","background-position":"center center","background-size":"auto","background-attachment":"scroll","background-type":"","background-media":"","overlay-type":"","overlay-color":"","overlay-opacity":"","overlay-gradient":""},"mobile":{"background-color":"","background-image":"","background-repeat":"repeat","background-position":"center center","background-size":"auto","background-attachment":"scroll","background-type":"","background-media":"","overlay-type":"","overlay-color":"","overlay-opacity":"","overlay-gradient":""}},"ast-content-background-meta":{"desktop":{"background-color":"var(--ast-global-color-5)","background-image":"","background-repeat":"repeat","background-position":"center center","background-size":"auto","background-attachment":"scroll","background-type":"","background-media":"","overlay-type":"","overlay-color":"","overlay-opacity":"","overlay-gradient":""},"tablet":{"background-color":"var(--ast-global-color-5)","background-image":"","background-repeat":"repeat","background-position":"center center","background-size":"auto","background-attachment":"scroll","background-type":"","background-media":"","overlay-type":"","overlay-color":"","overlay-opacity":"","overlay-gradient":""},"mobile":{"background-color":"var(--ast-global-color-5)","background-image":"","background-repeat":"repeat","background-position":"center center","background-size":"auto","background-attachment":"scroll","background-type":"","background-media":"","overlay-type":"","overlay-color":"","overlay-opacity":"","overlay-gradient":""}},"footnotes":""},"class_list":["post-3541","page","type-page","status-publish","hentry"],"acf":[],"yoast_head":"<!-- This site is optimized with the Yoast SEO plugin v25.0 - https:\/\/yoast.com\/wordpress\/plugins\/seo\/ -->\n<title>Politique de confidentialit\u00e9 - M\u00f2k\u00e8 Traduction<\/title>\n<meta name=\"robots\" content=\"noindex, follow, max-snippet:-1, max-image-preview:large, max-video-preview:-1\" \/>\n<meta property=\"og:locale\" content=\"zh_TW\" \/>\n<meta property=\"og:type\" content=\"article\" \/>\n<meta property=\"og:title\" content=\"Politique de confidentialit\u00e9 - M\u00f2k\u00e8 Traduction\" \/>\n<meta property=\"og:description\" content=\"Politique de confidentialit\u00e9\" \/>\n<meta property=\"og:url\" content=\"https:\/\/moketraduction.com\/zh\/politique-confidentialite\/\" \/>\n<meta property=\"og:site_name\" content=\"M\u00f2k\u00e8 Traduction\" \/>\n<meta property=\"article:modified_time\" content=\"2025-03-04T06:07:44+00:00\" \/>\n<meta name=\"twitter:card\" content=\"summary_large_image\" \/>\n<meta name=\"twitter:label1\" content=\"\u9810\u4f30\u95b1\u8b80\u6642\u9593\" \/>\n\t<meta name=\"twitter:data1\" content=\"7 \u5206\u9418\" \/>\n<script type=\"application\/ld+json\" class=\"yoast-schema-graph\">{\"@context\":\"https:\/\/schema.org\",\"@graph\":[{\"@type\":\"WebPage\",\"@id\":\"https:\/\/moketraduction.com\/politique-confidentialite\/\",\"url\":\"https:\/\/moketraduction.com\/politique-confidentialite\/\",\"name\":\"Politique de confidentialit\u00e9 - M\u00f2k\u00e8 Traduction\",\"isPartOf\":{\"@id\":\"https:\/\/www.moketraduction.com\/#website\"},\"datePublished\":\"2025-01-16T09:46:05+00:00\",\"dateModified\":\"2025-03-04T06:07:44+00:00\",\"breadcrumb\":{\"@id\":\"https:\/\/moketraduction.com\/politique-confidentialite\/#breadcrumb\"},\"inLanguage\":\"zh-TW\",\"potentialAction\":[{\"@type\":\"ReadAction\",\"target\":[\"https:\/\/moketraduction.com\/politique-confidentialite\/\"]}]},{\"@type\":\"BreadcrumbList\",\"@id\":\"https:\/\/moketraduction.com\/politique-confidentialite\/#breadcrumb\",\"itemListElement\":[{\"@type\":\"ListItem\",\"position\":1,\"name\":\"Accueil\",\"item\":\"https:\/\/moketraduction.com\/\"},{\"@type\":\"ListItem\",\"position\":2,\"name\":\"Politique de confidentialit\u00e9\"}]},{\"@type\":\"WebSite\",\"@id\":\"https:\/\/www.moketraduction.com\/#website\",\"url\":\"https:\/\/www.moketraduction.com\/\",\"name\":\"M\u00f2k\u00e8 Traduction\",\"description\":\"Agence de traduction fran\u00e7ais-chinois\",\"potentialAction\":[{\"@type\":\"SearchAction\",\"target\":{\"@type\":\"EntryPoint\",\"urlTemplate\":\"https:\/\/www.moketraduction.com\/?s={search_term_string}\"},\"query-input\":{\"@type\":\"PropertyValueSpecification\",\"valueRequired\":true,\"valueName\":\"search_term_string\"}}],\"inLanguage\":\"zh-TW\"}]}<\/script>\n<!-- \/ Yoast SEO plugin. -->","yoast_head_json":{"title":"Politique de confidentialit\u00e9 - M\u00f2k\u00e8 Traduction","robots":{"index":"noindex","follow":"follow","max-snippet":"max-snippet:-1","max-image-preview":"max-image-preview:large","max-video-preview":"max-video-preview:-1"},"og_locale":"zh_TW","og_type":"article","og_title":"Politique de confidentialit\u00e9 - M\u00f2k\u00e8 Traduction","og_description":"Politique de confidentialit\u00e9","og_url":"https:\/\/moketraduction.com\/zh\/politique-confidentialite\/","og_site_name":"M\u00f2k\u00e8 Traduction","article_modified_time":"2025-03-04T06:07:44+00:00","twitter_card":"summary_large_image","twitter_misc":{"\u9810\u4f30\u95b1\u8b80\u6642\u9593":"7 \u5206\u9418"},"schema":{"@context":"https:\/\/schema.org","@graph":[{"@type":"WebPage","@id":"https:\/\/moketraduction.com\/politique-confidentialite\/","url":"https:\/\/moketraduction.com\/politique-confidentialite\/","name":"Politique de confidentialit\u00e9 - M\u00f2k\u00e8 Traduction","isPartOf":{"@id":"https:\/\/www.moketraduction.com\/#website"},"datePublished":"2025-01-16T09:46:05+00:00","dateModified":"2025-03-04T06:07:44+00:00","breadcrumb":{"@id":"https:\/\/moketraduction.com\/politique-confidentialite\/#breadcrumb"},"inLanguage":"zh-TW","potentialAction":[{"@type":"ReadAction","target":["https:\/\/moketraduction.com\/politique-confidentialite\/"]}]},{"@type":"BreadcrumbList","@id":"https:\/\/moketraduction.com\/politique-confidentialite\/#breadcrumb","itemListElement":[{"@type":"ListItem","position":1,"name":"Accueil","item":"https:\/\/moketraduction.com\/"},{"@type":"ListItem","position":2,"name":"Politique de confidentialit\u00e9"}]},{"@type":"WebSite","@id":"https:\/\/www.moketraduction.com\/#website","url":"https:\/\/www.moketraduction.com\/","name":"M\u00f2k\u00e8 Traduction","description":"Agence de traduction fran\u00e7ais-chinois","potentialAction":[{"@type":"SearchAction","target":{"@type":"EntryPoint","urlTemplate":"https:\/\/www.moketraduction.com\/?s={search_term_string}"},"query-input":{"@type":"PropertyValueSpecification","valueRequired":true,"valueName":"search_term_string"}}],"inLanguage":"zh-TW"}]}},"_links":{"self":[{"href":"https:\/\/moketraduction.com\/zh\/wp-json\/wp\/v2\/pages\/3541","targetHints":{"allow":["GET"]}}],"collection":[{"href":"https:\/\/moketraduction.com\/zh\/wp-json\/wp\/v2\/pages"}],"about":[{"href":"https:\/\/moketraduction.com\/zh\/wp-json\/wp\/v2\/types\/page"}],"author":[{"embeddable":true,"href":"https:\/\/moketraduction.com\/zh\/wp-json\/wp\/v2\/users\/1"}],"replies":[{"embeddable":true,"href":"https:\/\/moketraduction.com\/zh\/wp-json\/wp\/v2\/comments?post=3541"}],"version-history":[{"count":25,"href":"https:\/\/moketraduction.com\/zh\/wp-json\/wp\/v2\/pages\/3541\/revisions"}],"predecessor-version":[{"id":4373,"href":"https:\/\/moketraduction.com\/zh\/wp-json\/wp\/v2\/pages\/3541\/revisions\/4373"}],"wp:attachment":[{"href":"https:\/\/moketraduction.com\/zh\/wp-json\/wp\/v2\/media?parent=3541"}],"curies":[{"name":"wp","href":"https:\/\/api.w.org\/{rel}","templated":true}]}}