{"id":1494,"date":"2025-02-17T10:20:08","date_gmt":"2025-02-17T10:20:08","guid":{"rendered":"https:\/\/moketraduction.com\/contact\/"},"modified":"2025-05-07T06:11:22","modified_gmt":"2025-05-07T06:11:22","slug":"nous-contacter","status":"publish","type":"page","link":"https:\/\/moketraduction.com\/zh\/nous-contacter\/","title":{"rendered":"Nous contacter"},"content":{"rendered":"<div data-elementor-type=\"wp-page\" data-elementor-id=\"1494\" class=\"elementor elementor-1494\">\n\t\t\t\t<div class=\"elementor-element elementor-element-e38mhpp e-flex e-con-boxed e-con e-parent\" data-id=\"e38mhpp\" data-element_type=\"container\" data-e-type=\"container\" data-settings=\"{&quot;background_background&quot;:&quot;classic&quot;}\">\n\t\t\t\t\t<div class=\"e-con-inner\">\n\t\t<div class=\"elementor-element elementor-element-c104332 e-con-full e-flex e-con e-child\" data-id=\"c104332\" data-element_type=\"container\" data-e-type=\"container\">\n\t\t\t\t<\/div>\n\t\t\t\t\t<\/div>\n\t\t\t\t<\/div>\n\t\t<div class=\"elementor-element elementor-element-1bf4d46 e-flex e-con-boxed e-con e-parent\" data-id=\"1bf4d46\" data-element_type=\"container\" data-e-type=\"container\">\n\t\t\t\t\t<div class=\"e-con-inner\">\n\t\t<div class=\"elementor-element elementor-element-f0fc799 e-con-full e-flex e-con e-child\" data-id=\"f0fc799\" data-element_type=\"container\" data-e-type=\"container\">\n\t\t<div class=\"elementor-element elementor-element-eb577cd e-con-full e-flex e-con e-child\" data-id=\"eb577cd\" data-element_type=\"container\" data-e-type=\"container\">\n\t\t\t\t<div class=\"elementor-element elementor-element-e8db48e elementor-widget elementor-widget-heading\" data-id=\"e8db48e\" data-element_type=\"widget\" data-e-type=\"widget\" data-widget_type=\"heading.default\">\n\t\t\t\t<div class=\"elementor-widget-container\">\n\t\t\t\t\t<h2 class=\"elementor-heading-title elementor-size-default\">Demande de devis<\/h2>\t\t\t\t<\/div>\n\t\t\t\t<\/div>\n\t\t\t\t<div class=\"elementor-element elementor-element-6c46722 elementor-widget__width-initial elementor-widget elementor-widget-text-editor\" data-id=\"6c46722\" data-element_type=\"widget\" data-e-type=\"widget\" data-widget_type=\"text-editor.default\">\n\t\t\t\t<div class=\"elementor-widget-container\">\n\t\t\t\t\t\t\t\t\t<p>Besoin d&rsquo;une <a href=\"http:\/\/traduction fran\u00e7ais chinois simplifi\u00e9\" target=\"_blank\" rel=\"noopener\">traduction fran\u00e7ais chinois simplifi\u00e9<\/a> ou traditionnel ?<\/p><p>Faites-nous part de vos attentes et nous reviendrons vers vous dans les plus brefs d\u00e9lais, avec un devis personnalis\u00e9 et ajust\u00e9 \u00e0 votre cahier des charges.<\/p>\t\t\t\t\t\t\t\t<\/div>\n\t\t\t\t<\/div>\n\t\t\t\t<\/div>\n\t\t<div class=\"elementor-element elementor-element-2570ef0 e-con-full e-flex e-con e-child\" data-id=\"2570ef0\" data-element_type=\"container\" data-e-type=\"container\">\n\t\t<div class=\"elementor-element elementor-element-4bc6863 e-flex e-con-boxed e-con e-child\" data-id=\"4bc6863\" data-element_type=\"container\" data-e-type=\"container\">\n\t\t\t\t\t<div class=\"e-con-inner\">\n\t\t\t\t<div class=\"elementor-element elementor-element-774145a elementor-widget elementor-widget-wpforms\" data-id=\"774145a\" data-element_type=\"widget\" data-e-type=\"widget\" data-widget_type=\"wpforms.default\">\n\t\t\t\t<div class=\"elementor-widget-container\">\n\t\t\t\t\t<div class=\"wpforms-container\" id=\"wpforms-3200\"><form id=\"wpforms-form-3200\" class=\"wpforms-validate wpforms-form wpforms-ajax-form\" data-formid=\"3200\" method=\"post\" enctype=\"multipart\/form-data\" action=\"\/zh\/wp-json\/wp\/v2\/pages\/1494\" data-token=\"50f04fca16c90cc88fd7d029b4e84c65\" data-token-time=\"1778665099\" data-trp-original-action=\"\/zh\/wp-json\/wp\/v2\/pages\/1494\"><noscript class=\"wpforms-error-noscript\">Please enable JavaScript in your browser to complete this form.<\/noscript><div class=\"wpforms-field-container\"><div id=\"wpforms-3200-field_1-container\" class=\"wpforms-field wpforms-field-name\" data-field-id=\"1\"><label class=\"wpforms-field-label\">Identit\u00e9 : <span class=\"wpforms-required-label\">*<\/span><\/label><div class=\"wpforms-field-row wpforms-field-medium\"><div class=\"wpforms-field-row-block wpforms-first wpforms-one-half\"><input type=\"text\" id=\"wpforms-3200-field_1\" class=\"wpforms-field-name-first wpforms-field-required\" name=\"wpforms[fields][1][first]\" required><label for=\"wpforms-3200-field_1\" class=\"wpforms-field-sublabel after\">First<\/label><\/div><div class=\"wpforms-field-row-block wpforms-one-half\"><input type=\"text\" id=\"wpforms-3200-field_1-last\" class=\"wpforms-field-name-last wpforms-field-required\" name=\"wpforms[fields][1][last]\" required><label for=\"wpforms-3200-field_1-last\" class=\"wpforms-field-sublabel after\">Last<\/label><\/div><\/div><\/div>\t\t<div id=\"wpforms-3200-field_4-container\"\n\t\t\tclass=\"wpforms-field wpforms-field-text\"\n\t\t\tdata-field-type=\"text\"\n\t\t\tdata-field-id=\"4\"\n\t\t\t>\n\t\t\t<label class=\"wpforms-field-label\" for=\"wpforms-3200-field_4\" >prestation souhait\u00e9 pr\u00e9ciser<\/label>\n\t\t\t<input type=\"text\" id=\"wpforms-3200-field_4\" class=\"wpforms-field-medium\" name=\"wpforms[fields][4]\" >\n\t\t<\/div>\n\t\t<div id=\"wpforms-3200-field_2-container\" class=\"wpforms-field wpforms-field-email\" data-field-id=\"2\"><label class=\"wpforms-field-label\" for=\"wpforms-3200-field_2\">E-mail : <span class=\"wpforms-required-label\">*<\/span><\/label><input type=\"email\" id=\"wpforms-3200-field_2\" class=\"wpforms-field-medium wpforms-field-required\" name=\"wpforms[fields][2]\" spellcheck=\"false\" required><\/div><div id=\"wpforms-3200-field_3-container\" class=\"wpforms-field wpforms-field-radio\" data-field-id=\"3\"><label class=\"wpforms-field-label\">Forme de contact : <span class=\"wpforms-required-label\">*<\/span><\/label><ul id=\"wpforms-3200-field_3\" class=\"wpforms-field-required\"><li class=\"choice-1 depth-1\"><input type=\"radio\" id=\"wpforms-3200-field_3_1\" name=\"wpforms[fields][3]\" value=\"Contact libre\" required><label class=\"wpforms-field-label-inline\" for=\"wpforms-3200-field_3_1\">Contact libre<\/label><\/li><li class=\"choice-2 depth-1\"><input type=\"radio\" id=\"wpforms-3200-field_3_2\" name=\"wpforms[fields][3]\" value=\"Demande de devis\" required><label class=\"wpforms-field-label-inline\" for=\"wpforms-3200-field_3_2\">Demande de devis<\/label><\/li><\/ul><\/div><div id=\"wpforms-3200-field_8-container\" class=\"wpforms-field wpforms-field-number\" data-field-id=\"8\"><label class=\"wpforms-field-label\" for=\"wpforms-3200-field_8\">Nombre de mots \u00e0 traduire :<\/label><input type=\"number\" id=\"wpforms-3200-field_8\" class=\"wpforms-field-medium\" name=\"wpforms[fields][8]\" step=\"any\" ><div class=\"wpforms-field-description\">Veuillez compl\u00e9ter cette section dans le cadre d'une demande de devis.<\/div><\/div><div id=\"wpforms-3200-field_5-container\" class=\"wpforms-field wpforms-field-radio wpforms-list-2-columns\" data-field-id=\"5\"><label class=\"wpforms-field-label\">Type de traduction demand\u00e9 :<\/label><ul id=\"wpforms-3200-field_5\"><li class=\"choice-1 depth-1\"><input type=\"radio\" id=\"wpforms-3200-field_5_1\" name=\"wpforms[fields][5]\" value=\"Chinois traditionnel \/ Fran\u00e7ais\"  ><label class=\"wpforms-field-label-inline\" for=\"wpforms-3200-field_5_1\">Chinois traditionnel \/ Fran\u00e7ais<\/label><\/li><li class=\"choice-2 depth-1\"><input type=\"radio\" id=\"wpforms-3200-field_5_2\" name=\"wpforms[fields][5]\" value=\"Fran\u00e7ais \/ Chinois Traditionnel\"  ><label class=\"wpforms-field-label-inline\" for=\"wpforms-3200-field_5_2\">Fran\u00e7ais \/ Chinois Traditionnel<\/label><\/li><li class=\"choice-3 depth-1\"><input type=\"radio\" id=\"wpforms-3200-field_5_3\" name=\"wpforms[fields][5]\" value=\"Chinois simplifi\u00e9 \/ Fran\u00e7ais\"  ><label class=\"wpforms-field-label-inline\" for=\"wpforms-3200-field_5_3\">Chinois simplifi\u00e9 \/ Fran\u00e7ais<\/label><\/li><li class=\"choice-4 depth-1\"><input type=\"radio\" id=\"wpforms-3200-field_5_4\" name=\"wpforms[fields][5]\" value=\"Fran\u00e7ais \/ Chinois Simplifi\u00e9\"  ><label class=\"wpforms-field-label-inline\" for=\"wpforms-3200-field_5_4\">Fran\u00e7ais \/ Chinois Simplifi\u00e9<\/label><\/li><\/ul><div class=\"wpforms-field-description\">Veuillez compl\u00e9ter cette section dans le cadre d'une demande de devis.<\/div><\/div><div id=\"wpforms-3200-field_9-container\" class=\"wpforms-field wpforms-field-radio\" data-field-id=\"9\"><label class=\"wpforms-field-label\">Type de prestation souhait\u00e9 :<\/label><ul id=\"wpforms-3200-field_9\"><li class=\"choice-1 depth-1\"><input type=\"radio\" id=\"wpforms-3200-field_9_1\" name=\"wpforms[fields][9]\" value=\"Traduction juridique\"  ><label class=\"wpforms-field-label-inline\" for=\"wpforms-3200-field_9_1\">Traduction juridique<\/label><\/li><li class=\"choice-2 depth-1\"><input type=\"radio\" id=\"wpforms-3200-field_9_2\" name=\"wpforms[fields][9]\" value=\"Traduction administrative\"  ><label class=\"wpforms-field-label-inline\" for=\"wpforms-3200-field_9_2\">Traduction administrative<\/label><\/li><li class=\"choice-3 depth-1\"><input type=\"radio\" id=\"wpforms-3200-field_9_3\" name=\"wpforms[fields][9]\" value=\"Autre traductions\"  ><label class=\"wpforms-field-label-inline\" for=\"wpforms-3200-field_9_3\">Autre traductions<\/label><\/li><\/ul><div class=\"wpforms-field-description\">Veuillez compl\u00e9ter cette section dans le cadre d'une demande de devis.<\/div><\/div><div id=\"wpforms-3200-field_10-container\" class=\"wpforms-field wpforms-field-text\" data-field-id=\"10\"><label class=\"wpforms-field-label\" for=\"wpforms-3200-field_10\">Si autre traduction, veuillez pr\u00e9ciser le type de document ci-dessous :<\/label><input type=\"text\" id=\"wpforms-3200-field_10\" class=\"wpforms-field-medium\" name=\"wpforms[fields][10]\" ><div class=\"wpforms-field-description\">Veuillez compl\u00e9ter cette section dans le cadre d'une demande de devis.<\/div><\/div><div id=\"wpforms-3200-field_7-container\" class=\"wpforms-field wpforms-field-textarea\" data-field-id=\"7\"><label class=\"wpforms-field-label\" for=\"wpforms-3200-field_7\">Message :<\/label><textarea id=\"wpforms-3200-field_7\" class=\"wpforms-field-medium\" name=\"wpforms[fields][7]\" ><\/textarea><\/div><script>\n\t\t\t\t( function() {\n\t\t\t\t\tconst style = document.createElement( 'style' );\n\t\t\t\t\tstyle.appendChild( document.createTextNode( '#wpforms-3200-field_4-container { position: absolute !important; overflow: hidden !important; display: inline !important; height: 1px !important; width: 1px !important; z-index: -1000 !important; padding: 0 !important; } #wpforms-3200-field_4-container input { visibility: hidden; } #wpforms-conversational-form-page #wpforms-3200-field_4-container label { counter-increment: none; }' ) );\n\t\t\t\t\tdocument.head.appendChild( style );\n\t\t\t\t\tdocument.currentScript?.remove();\n\t\t\t\t} )();\n\t\t\t<\/script><\/div><!-- .wpforms-field-container --><div class=\"wpforms-submit-container\" ><input type=\"hidden\" name=\"wpforms[id]\" value=\"3200\"><input type=\"hidden\" name=\"page_title\" value=\"\"><input type=\"hidden\" name=\"page_url\" value=\"https:\/\/moketraduction.com\/zh\/wp-json\/wp\/v2\/pages\/1494\"><input type=\"hidden\" name=\"url_referer\" value=\"\"><button type=\"submit\" name=\"wpforms[submit]\" id=\"wpforms-submit-3200\" class=\"wpforms-submit\" data-alt-text=\"Envoi en cours...\" data-submit-text=\"Envoyer\" aria-live=\"assertive\" value=\"wpforms-submit\">Envoyer<\/button><img decoding=\"async\" src=\"https:\/\/moketraduction.com\/wp-content\/plugins\/wpforms-lite\/assets\/images\/submit-spin.svg\" class=\"wpforms-submit-spinner\" style=\"display: none;\" width=\"26\" height=\"26\" alt=\"Loading\"><\/div><input type=\"hidden\" name=\"trp-form-language\" value=\"zh\"\/><\/form><\/div>  <!-- .wpforms-container -->\t\t\t\t<\/div>\n\t\t\t\t<\/div>\n\t\t\t\t\t<\/div>\n\t\t\t\t<\/div>\n\t\t\t\t<\/div>\n\t\t\t\t<\/div>\n\t\t\t\t\t<\/div>\n\t\t\t\t<\/div>\n\t\t<div class=\"elementor-element elementor-element-bd4a21f e-con-full e-flex e-con e-parent\" data-id=\"bd4a21f\" data-element_type=\"container\" data-e-type=\"container\">\n\t\t<div class=\"elementor-element elementor-element-385dd70 e-con-full elementor-hidden-desktop elementor-hidden-tablet e-flex e-con e-child\" data-id=\"385dd70\" data-element_type=\"container\" data-e-type=\"container\">\n\t\t\t\t<div class=\"elementor-element elementor-element-a76f91e elementor-widget elementor-widget-heading\" data-id=\"a76f91e\" data-element_type=\"widget\" data-e-type=\"widget\" data-widget_type=\"heading.default\">\n\t\t\t\t<div class=\"elementor-widget-container\">\n\t\t\t\t\t<h2 class=\"elementor-heading-title elementor-size-default\">M\u00f2k\u00e8 Traduction<\/h2>\t\t\t\t<\/div>\n\t\t\t\t<\/div>\n\t\t\t\t<div class=\"elementor-element elementor-element-fd4feff elementor-align-start elementor-mobile-align-center elementor-icon-list--layout-traditional elementor-list-item-link-full_width elementor-widget elementor-widget-icon-list\" data-id=\"fd4feff\" data-element_type=\"widget\" data-e-type=\"widget\" data-widget_type=\"icon-list.default\">\n\t\t\t\t<div class=\"elementor-widget-container\">\n\t\t\t\t\t\t\t<ul class=\"elementor-icon-list-items\">\n\t\t\t\t\t\t\t<li class=\"elementor-icon-list-item\">\n\t\t\t\t\t\t\t\t\t\t\t<span class=\"elementor-icon-list-icon\">\n\t\t\t\t\t\t\t<svg aria-hidden=\"true\" class=\"e-font-icon-svg e-fas-map-marker\" viewbox=\"0 0 384 512\" xmlns=\"http:\/\/www.w3.org\/2000\/svg\"><path d=\"M172.268 501.67C26.97 291.031 0 269.413 0 192 0 85.961 85.961 0 192 0s192 85.961 192 192c0 77.413-26.97 99.031-172.268 309.67-9.535 13.774-29.93 13.773-39.464 0z\"><\/path><\/svg>\t\t\t\t\t\t<\/span>\n\t\t\t\t\t\t\t\t\t\t<span class=\"elementor-icon-list-text\">Kaohsiung, Ta\u00efwan<\/span>\n\t\t\t\t\t\t\t\t\t<\/li>\n\t\t\t\t\t\t\t\t<li class=\"elementor-icon-list-item\">\n\t\t\t\t\t\t\t\t\t\t\t<span class=\"elementor-icon-list-icon\">\n\t\t\t\t\t\t\t<svg aria-hidden=\"true\" class=\"e-font-icon-svg e-far-envelope\" viewbox=\"0 0 512 512\" xmlns=\"http:\/\/www.w3.org\/2000\/svg\"><path d=\"M464 64H48C21.49 64 0 85.49 0 112v288c0 26.51 21.49 48 48 48h416c26.51 0 48-21.49 48-48V112c0-26.51-21.49-48-48-48zm0 48v40.805c-22.422 18.259-58.168 46.651-134.587 106.49-16.841 13.247-50.201 45.072-73.413 44.701-23.208.375-56.579-31.459-73.413-44.701C106.18 199.465 70.425 171.067 48 152.805V112h416zM48 400V214.398c22.914 18.251 55.409 43.862 104.938 82.646 21.857 17.205 60.134 55.186 103.062 54.955 42.717.231 80.509-37.199 103.053-54.947 49.528-38.783 82.032-64.401 104.947-82.653V400H48z\"><\/path><\/svg>\t\t\t\t\t\t<\/span>\n\t\t\t\t\t\t\t\t\t\t<span class=\"elementor-icon-list-text\">moketraduction@gmail.com<\/span>\n\t\t\t\t\t\t\t\t\t<\/li>\n\t\t\t\t\t\t<\/ul>\n\t\t\t\t\t\t<\/div>\n\t\t\t\t<\/div>\n\t\t\t\t<\/div>\n\t\t\t\t<\/div>\n\t\t<div class=\"elementor-element elementor-element-d4709b5 e-flex e-con-boxed e-con e-parent\" data-id=\"d4709b5\" data-element_type=\"container\" data-e-type=\"container\">\n\t\t\t\t\t<div class=\"e-con-inner\">\n\t\t<div class=\"elementor-element elementor-element-9f8b43f e-flex e-con-boxed e-con e-child\" data-id=\"9f8b43f\" data-element_type=\"container\" data-e-type=\"container\">\n\t\t\t\t\t<div class=\"e-con-inner\">\n\t\t\t\t<div class=\"elementor-element elementor-element-ac33b00 elementor-widget elementor-widget-google_maps\" data-id=\"ac33b00\" data-element_type=\"widget\" data-e-type=\"widget\" data-widget_type=\"google_maps.default\">\n\t\t\t\t<div class=\"elementor-widget-container\">\n\t\t\t\t\t\t\t<div class=\"elementor-custom-embed\">\n\t\t\t<iframe loading=\"lazy\"\n\t\t\t\t\tsrc=\"https:\/\/maps.google.com\/maps?q=Kaohsiung&#038;t=m&#038;z=12&#038;output=embed&#038;iwloc=near\"\n\t\t\t\t\ttitle=\"Kaohsiung\"\n\t\t\t\t\taria-label=\"Kaohsiung\"\n\t\t\t><\/iframe>\n\t\t<\/div>\n\t\t\t\t\t\t<\/div>\n\t\t\t\t<\/div>\n\t\t\t\t\t<\/div>\n\t\t\t\t<\/div>\n\t\t\t\t\t<\/div>\n\t\t\t\t<\/div>\n\t\t\t\t<\/div>","protected":false},"excerpt":{"rendered":"<p>Demande de devis Besoin d&rsquo;une traduction fran\u00e7ais chinois simplifi\u00e9 ou traditionnel ? Faites-nous part de vos attentes et nous reviendrons vers vous dans les plus brefs d\u00e9lais, avec un devis personnalis\u00e9 et ajust\u00e9 \u00e0 votre cahier des charges. Veuillez activer JavaScript dans votre navigateur pour remplir ce formulaire.Identit\u00e9 : *Pr\u00e9nomNomE-mail : *Forme de contact : [&hellip;]<\/p>","protected":false},"author":1,"featured_media":0,"parent":0,"menu_order":0,"comment_status":"closed","ping_status":"closed","template":"","meta":{"_acf_changed":false,"site-sidebar-layout":"no-sidebar","site-content-layout":"page-builder","ast-site-content-layout":"full-width-container","site-content-style":"unboxed","site-sidebar-style":"unboxed","ast-global-header-display":"","ast-banner-title-visibility":"","ast-main-header-display":"","ast-hfb-above-header-display":"","ast-hfb-below-header-display":"","ast-hfb-mobile-header-display":"","site-post-title":"disabled","ast-breadcrumbs-content":"","ast-featured-img":"disabled","footer-sml-layout":"","ast-disable-related-posts":"","theme-transparent-header-meta":"enabled","adv-header-id-meta":"","stick-header-meta":"","header-above-stick-meta":"","header-main-stick-meta":"","header-below-stick-meta":"","astra-migrate-meta-layouts":"set","ast-page-background-enabled":"default","ast-page-background-meta":{"desktop":{"background-color":"","background-image":"","background-repeat":"repeat","background-position":"center center","background-size":"auto","background-attachment":"scroll","background-type":"","background-media":"","overlay-type":"","overlay-color":"","overlay-opacity":"","overlay-gradient":""},"tablet":{"background-color":"","background-image":"","background-repeat":"repeat","background-position":"center center","background-size":"auto","background-attachment":"scroll","background-type":"","background-media":"","overlay-type":"","overlay-color":"","overlay-opacity":"","overlay-gradient":""},"mobile":{"background-color":"","background-image":"","background-repeat":"repeat","background-position":"center center","background-size":"auto","background-attachment":"scroll","background-type":"","background-media":"","overlay-type":"","overlay-color":"","overlay-opacity":"","overlay-gradient":""}},"ast-content-background-meta":{"desktop":{"background-color":"var(--ast-global-color-5)","background-image":"","background-repeat":"repeat","background-position":"center center","background-size":"auto","background-attachment":"scroll","background-type":"","background-media":"","overlay-type":"","overlay-color":"","overlay-opacity":"","overlay-gradient":""},"tablet":{"background-color":"var(--ast-global-color-5)","background-image":"","background-repeat":"repeat","background-position":"center center","background-size":"auto","background-attachment":"scroll","background-type":"","background-media":"","overlay-type":"","overlay-color":"","overlay-opacity":"","overlay-gradient":""},"mobile":{"background-color":"var(--ast-global-color-5)","background-image":"","background-repeat":"repeat","background-position":"center center","background-size":"auto","background-attachment":"scroll","background-type":"","background-media":"","overlay-type":"","overlay-color":"","overlay-opacity":"","overlay-gradient":""}},"footnotes":""},"class_list":["post-1494","page","type-page","status-publish","hentry"],"acf":[],"yoast_head":"<!-- This site is optimized with the Yoast SEO plugin v25.0 - https:\/\/yoast.com\/wordpress\/plugins\/seo\/ -->\n<title>Nous contacter - M\u00f2k\u00e8 Traduction<\/title>\n<meta name=\"robots\" content=\"noindex, follow, max-snippet:-1, max-image-preview:large, max-video-preview:-1\" \/>\n<meta property=\"og:locale\" content=\"zh_TW\" \/>\n<meta property=\"og:type\" content=\"article\" \/>\n<meta property=\"og:title\" content=\"Nous contacter - M\u00f2k\u00e8 Traduction\" \/>\n<meta property=\"og:description\" content=\"Demande de devis Besoin d&rsquo;une traduction fran\u00e7ais chinois simplifi\u00e9 ou traditionnel ? Faites-nous part de vos attentes et nous reviendrons vers vous dans les plus brefs d\u00e9lais, avec un devis personnalis\u00e9 et ajust\u00e9 \u00e0 votre cahier des charges. Veuillez activer JavaScript dans votre navigateur pour remplir ce formulaire.Identit\u00e9 : *Pr\u00e9nomNomE-mail : *Forme de contact : [&hellip;]\" \/>\n<meta property=\"og:url\" content=\"https:\/\/moketraduction.com\/zh\/nous-contacter\/\" \/>\n<meta property=\"og:site_name\" content=\"M\u00f2k\u00e8 Traduction\" \/>\n<meta property=\"article:modified_time\" content=\"2025-05-07T06:11:22+00:00\" \/>\n<meta property=\"og:image\" content=\"https:\/\/moketraduction.com\/wp-content\/plugins\/wpforms-lite\/assets\/images\/submit-spin.svg\" \/>\n<meta name=\"twitter:card\" content=\"summary_large_image\" \/>\n<meta name=\"twitter:label1\" content=\"\u9810\u4f30\u95b1\u8b80\u6642\u9593\" \/>\n\t<meta name=\"twitter:data1\" content=\"1 \u5206\u9418\" \/>\n<script type=\"application\/ld+json\" class=\"yoast-schema-graph\">{\"@context\":\"https:\/\/schema.org\",\"@graph\":[{\"@type\":\"WebPage\",\"@id\":\"https:\/\/moketraduction.com\/nous-contacter\/\",\"url\":\"https:\/\/moketraduction.com\/nous-contacter\/\",\"name\":\"Nous contacter - M\u00f2k\u00e8 Traduction\",\"isPartOf\":{\"@id\":\"https:\/\/www.moketraduction.com\/#website\"},\"primaryImageOfPage\":{\"@id\":\"https:\/\/moketraduction.com\/nous-contacter\/#primaryimage\"},\"image\":{\"@id\":\"https:\/\/moketraduction.com\/nous-contacter\/#primaryimage\"},\"thumbnailUrl\":\"https:\/\/moketraduction.com\/wp-content\/plugins\/wpforms-lite\/assets\/images\/submit-spin.svg\",\"datePublished\":\"2025-02-17T10:20:08+00:00\",\"dateModified\":\"2025-05-07T06:11:22+00:00\",\"breadcrumb\":{\"@id\":\"https:\/\/moketraduction.com\/nous-contacter\/#breadcrumb\"},\"inLanguage\":\"zh-TW\",\"potentialAction\":[{\"@type\":\"ReadAction\",\"target\":[\"https:\/\/moketraduction.com\/nous-contacter\/\"]}]},{\"@type\":\"ImageObject\",\"inLanguage\":\"zh-TW\",\"@id\":\"https:\/\/moketraduction.com\/nous-contacter\/#primaryimage\",\"url\":\"https:\/\/moketraduction.com\/wp-content\/plugins\/wpforms-lite\/assets\/images\/submit-spin.svg\",\"contentUrl\":\"https:\/\/moketraduction.com\/wp-content\/plugins\/wpforms-lite\/assets\/images\/submit-spin.svg\"},{\"@type\":\"BreadcrumbList\",\"@id\":\"https:\/\/moketraduction.com\/nous-contacter\/#breadcrumb\",\"itemListElement\":[{\"@type\":\"ListItem\",\"position\":1,\"name\":\"Accueil\",\"item\":\"https:\/\/moketraduction.com\/\"},{\"@type\":\"ListItem\",\"position\":2,\"name\":\"Nous contacter\"}]},{\"@type\":\"WebSite\",\"@id\":\"https:\/\/www.moketraduction.com\/#website\",\"url\":\"https:\/\/www.moketraduction.com\/\",\"name\":\"M\u00f2k\u00e8 Traduction\",\"description\":\"Agence de traduction fran\u00e7ais-chinois\",\"potentialAction\":[{\"@type\":\"SearchAction\",\"target\":{\"@type\":\"EntryPoint\",\"urlTemplate\":\"https:\/\/www.moketraduction.com\/?s={search_term_string}\"},\"query-input\":{\"@type\":\"PropertyValueSpecification\",\"valueRequired\":true,\"valueName\":\"search_term_string\"}}],\"inLanguage\":\"zh-TW\"}]}<\/script>\n<!-- \/ Yoast SEO plugin. -->","yoast_head_json":{"title":"Nous contacter - M\u00f2k\u00e8 Traduction","robots":{"index":"noindex","follow":"follow","max-snippet":"max-snippet:-1","max-image-preview":"max-image-preview:large","max-video-preview":"max-video-preview:-1"},"og_locale":"zh_TW","og_type":"article","og_title":"Nous contacter - M\u00f2k\u00e8 Traduction","og_description":"Demande de devis Besoin d&rsquo;une traduction fran\u00e7ais chinois simplifi\u00e9 ou traditionnel ? Faites-nous part de vos attentes et nous reviendrons vers vous dans les plus brefs d\u00e9lais, avec un devis personnalis\u00e9 et ajust\u00e9 \u00e0 votre cahier des charges. Veuillez activer JavaScript dans votre navigateur pour remplir ce formulaire.Identit\u00e9 : *Pr\u00e9nomNomE-mail : *Forme de contact : [&hellip;]","og_url":"https:\/\/moketraduction.com\/zh\/nous-contacter\/","og_site_name":"M\u00f2k\u00e8 Traduction","article_modified_time":"2025-05-07T06:11:22+00:00","og_image":[{"url":"https:\/\/moketraduction.com\/wp-content\/plugins\/wpforms-lite\/assets\/images\/submit-spin.svg","type":"","width":"","height":""}],"twitter_card":"summary_large_image","twitter_misc":{"\u9810\u4f30\u95b1\u8b80\u6642\u9593":"1 \u5206\u9418"},"schema":{"@context":"https:\/\/schema.org","@graph":[{"@type":"WebPage","@id":"https:\/\/moketraduction.com\/nous-contacter\/","url":"https:\/\/moketraduction.com\/nous-contacter\/","name":"Nous contacter - M\u00f2k\u00e8 Traduction","isPartOf":{"@id":"https:\/\/www.moketraduction.com\/#website"},"primaryImageOfPage":{"@id":"https:\/\/moketraduction.com\/nous-contacter\/#primaryimage"},"image":{"@id":"https:\/\/moketraduction.com\/nous-contacter\/#primaryimage"},"thumbnailUrl":"https:\/\/moketraduction.com\/wp-content\/plugins\/wpforms-lite\/assets\/images\/submit-spin.svg","datePublished":"2025-02-17T10:20:08+00:00","dateModified":"2025-05-07T06:11:22+00:00","breadcrumb":{"@id":"https:\/\/moketraduction.com\/nous-contacter\/#breadcrumb"},"inLanguage":"zh-TW","potentialAction":[{"@type":"ReadAction","target":["https:\/\/moketraduction.com\/nous-contacter\/"]}]},{"@type":"ImageObject","inLanguage":"zh-TW","@id":"https:\/\/moketraduction.com\/nous-contacter\/#primaryimage","url":"https:\/\/moketraduction.com\/wp-content\/plugins\/wpforms-lite\/assets\/images\/submit-spin.svg","contentUrl":"https:\/\/moketraduction.com\/wp-content\/plugins\/wpforms-lite\/assets\/images\/submit-spin.svg"},{"@type":"BreadcrumbList","@id":"https:\/\/moketraduction.com\/nous-contacter\/#breadcrumb","itemListElement":[{"@type":"ListItem","position":1,"name":"Accueil","item":"https:\/\/moketraduction.com\/"},{"@type":"ListItem","position":2,"name":"Nous contacter"}]},{"@type":"WebSite","@id":"https:\/\/www.moketraduction.com\/#website","url":"https:\/\/www.moketraduction.com\/","name":"M\u00f2k\u00e8 Traduction","description":"Agence de traduction fran\u00e7ais-chinois","potentialAction":[{"@type":"SearchAction","target":{"@type":"EntryPoint","urlTemplate":"https:\/\/www.moketraduction.com\/?s={search_term_string}"},"query-input":{"@type":"PropertyValueSpecification","valueRequired":true,"valueName":"search_term_string"}}],"inLanguage":"zh-TW"}]}},"_links":{"self":[{"href":"https:\/\/moketraduction.com\/zh\/wp-json\/wp\/v2\/pages\/1494","targetHints":{"allow":["GET"]}}],"collection":[{"href":"https:\/\/moketraduction.com\/zh\/wp-json\/wp\/v2\/pages"}],"about":[{"href":"https:\/\/moketraduction.com\/zh\/wp-json\/wp\/v2\/types\/page"}],"author":[{"embeddable":true,"href":"https:\/\/moketraduction.com\/zh\/wp-json\/wp\/v2\/users\/1"}],"replies":[{"embeddable":true,"href":"https:\/\/moketraduction.com\/zh\/wp-json\/wp\/v2\/comments?post=1494"}],"version-history":[{"count":138,"href":"https:\/\/moketraduction.com\/zh\/wp-json\/wp\/v2\/pages\/1494\/revisions"}],"predecessor-version":[{"id":4548,"href":"https:\/\/moketraduction.com\/zh\/wp-json\/wp\/v2\/pages\/1494\/revisions\/4548"}],"wp:attachment":[{"href":"https:\/\/moketraduction.com\/zh\/wp-json\/wp\/v2\/media?parent=1494"}],"curies":[{"name":"wp","href":"https:\/\/api.w.org\/{rel}","templated":true}]}}